{"id":1771,"date":"2019-11-17T12:29:43","date_gmt":"2019-11-17T18:29:43","guid":{"rendered":"http:\/\/mariposalearning.com\/?page_id=1771"},"modified":"2025-12-09T15:45:10","modified_gmt":"2025-12-09T21:45:10","slug":"enrolled","status":"publish","type":"page","link":"https:\/\/mariposalearning.com\/?page_id=1771","title":{"rendered":"Step 3 &#8211; Accepted"},"content":{"rendered":"<div id=\"pl-1771\"  class=\"panel-layout\" ><div id=\"pg-1771-0\"  class=\"panel-grid panel-has-style\" ><div class=\"siteorigin-panels-stretch panel-row-style panel-row-style-for-1771-0\" data-stretch-type=\"full\" ><div id=\"pgc-1771-0-0\"  class=\"panel-grid-cell\" ><div id=\"panel-1771-0-0-0\" class=\"so-panel widget widget_sow-editor panel-first-child panel-last-child\" data-index=\"0\" ><div\n\t\t\t\n\t\t\tclass=\"so-widget-sow-editor so-widget-sow-editor-base\"\n\t\t\t\n\t\t>\n<div class=\"siteorigin-widget-tinymce textwidget\">\n\t<p style=\"text-align: left;\"><span style=\"color: #000000;\">Welcome to Mariposa Learning Center! We're excited to have you and your child be a part of our program!<\/span><\/p>\n<p>&nbsp;<\/p>\n<p><strong><u>What New Families Can Expect<\/u><\/strong><\/p>\n<p>At Mariposa, we aim to make your transition into our community smooth and welcoming. Once enrolled, families can expect:<\/p>\n<p><strong>Clear Communication:<\/strong>\u00a0Regular updates about your child\u2019s day, reminders, and important announcements through the Brightwheel app.<\/p>\n<p><strong>Warm, Supportive Classrooms:<\/strong>\u00a0Caring teachers who prioritize safety, belonging, and development from day one.<\/p>\n<p><strong>Consistent Routines:<\/strong>\u00a0A predictable daily schedule that helps children feel secure\u2014meals, rest time, play, and learning activities.<\/p>\n<p><strong>Family Partnership:<\/strong>\u00a0Opportunities to connect with teachers, participate in events, and collaborate on your child\u2019s growth.<\/p>\n<p><strong>Smooth First Days:\u00a0<\/strong>Guidance on drop-off, what to bring, and how we support children as they adjust to a new environment.<\/p>\n<p>&nbsp;<\/p>\n<p><strong><u>Things you will need to complete as part of our enrollment process:<\/u><\/strong><\/p>\n<ul>\n<li>We will send you an invite (via email) to the Brightwheel app. Download the Brightwheel app and enter the required information. You can get more information on getting started as a Parent\/Guardian\u00a0<a href=\"https:\/\/www.youtube.com\/playlist?list=PLWkfMDOm0pnF0bWPntP7m7dSSi6lD6JUR\">here<\/a>.<\/li>\n<li>An enrollment packet will be sent to you via email. Please complete and return all forms prior to your child\u2019s first day.<\/li>\n<li>The health report is the only form that can be delayed as this needs to be signed by your child\u2019s pediatrician. If not completed by the first day, it must be completed within 30 days of enrollment.<\/li>\n<\/ul>\n<\/div>\n<\/div><\/div><\/div><div id=\"pgc-1771-0-1\"  class=\"panel-grid-cell\" ><div id=\"panel-1771-0-1-0\" class=\"so-panel widget widget_sow-editor panel-first-child panel-last-child\" data-index=\"1\" ><div\n\t\t\t\n\t\t\tclass=\"so-widget-sow-editor so-widget-sow-editor-base\"\n\t\t\t\n\t\t>\n<div class=\"siteorigin-widget-tinymce textwidget\">\n\t<p style=\"text-align: left;\"><span style=\"color: #000000;\">\u00a1Bienvenido al Mariposa Learning Center! \u00a1Estamos entusiasmados de que usted y su hijo formen parte de nuestro programa!<\/span><\/p>\n<p>&nbsp;<\/p>\n<p><strong><u>Lo que pueden esperar las nuevas familias<\/u><\/strong><\/p>\n<p>En Mariposa, nuestro objetivo es que tu transici\u00f3n a nuestra comunidad sea fluida y acogedora. Una vez inscritos, las familias pueden esperar:<\/p>\n<p><strong>Comunicaci\u00f3n clara:<\/strong> Actualizaciones regulares sobre el d\u00eda de tu hijo, recordatorios y anuncios importantes a trav\u00e9s de la app Brightwheel.<\/p>\n<p><strong>Aulas c\u00e1lidas y de apoyo: <\/strong>Profesores atentos que priorizan la seguridad, el sentido de pertenencia y el desarrollo desde el primer d\u00eda.<\/p>\n<p><strong>Rutinas constantes:<\/strong> Un horario diario predecible que ayude a los ni\u00f1os a sentirse seguros: comidas, tiempo de descanso, juegos y actividades de aprendizaje.<\/p>\n<p><strong>Colaboraci\u00f3n familiar:<\/strong> Oportunidades para conectar con profesores, participar en eventos y colaborar en el crecimiento de tu hijo.<\/p>\n<p><strong>Primeros d\u00edas tranquilos: <\/strong>Orientaci\u00f3n sobre la entrega, qu\u00e9 llevar y c\u00f3mo apoyamos a los ni\u00f1os mientras se adaptan a un nuevo entorno.<\/p>\n<p>&nbsp;<\/p>\n<p><strong><u>Cosas que tendr\u00e1s que completar como parte de nuestro proceso de inscripci\u00f3n:<\/u><\/strong><\/p>\n<ul>\n<li>Te enviaremos una invitaci\u00f3n (por correo electr\u00f3nico) a la app de Brightwheel. Descarga la app de Brightwheel e introduce la informaci\u00f3n requerida. Puedes obtener m\u00e1s informaci\u00f3n sobre c\u00f3mo empezar como Padre\/Tutor <a href=\"https:\/\/www.youtube.com\/playlist?list=PLWkfMDOm0pnF0bWPntP7m7dSSi6lD6JUR\">aqu\u00ed<\/a>.<\/li>\n<li>Se te enviar\u00e1 un paquete de inscripci\u00f3n por correo electr\u00f3nico. Por favor, complete y devuelva todos los formularios antes del primer d\u00eda de su hijo.<\/li>\n<li>El informe de salud es el \u00fanico formulario que puede retrasarse, ya que debe ser firmado por el pediatra de tu hijo.\u00a0 Si no se completa el primer d\u00eda, debe completarse en un plazo de 30 d\u00edas desde la inscripci\u00f3n.<\/li>\n<\/ul>\n<\/div>\n<\/div><\/div><\/div><\/div><\/div><\/div>","protected":false},"excerpt":{"rendered":"<p>Welcome to Mariposa Learning Center! We&#8217;re excited to have you and your child be a part of our program! &nbsp; What New Families Can Expect At Mariposa, we aim to make your transition into our community smooth and welcoming. Once enrolled, families can expect: Clear Communication:\u00a0Regular updates about your child\u2019s day, reminders, and important announcements [&hellip;]<\/p>\n","protected":false},"author":2,"featured_media":0,"parent":0,"menu_order":0,"comment_status":"closed","ping_status":"closed","template":"","meta":{"om_disable_all_campaigns":false,"_monsterinsights_skip_tracking":false,"_monsterinsights_sitenote_active":false,"_monsterinsights_sitenote_note":"","_monsterinsights_sitenote_category":0,"footnotes":""},"class_list":["post-1771","page","type-page","status-publish","hentry","post"],"aioseo_notices":[],"_links":{"self":[{"href":"https:\/\/mariposalearning.com\/index.php?rest_route=\/wp\/v2\/pages\/1771","targetHints":{"allow":["GET"]}}],"collection":[{"href":"https:\/\/mariposalearning.com\/index.php?rest_route=\/wp\/v2\/pages"}],"about":[{"href":"https:\/\/mariposalearning.com\/index.php?rest_route=\/wp\/v2\/types\/page"}],"author":[{"embeddable":true,"href":"https:\/\/mariposalearning.com\/index.php?rest_route=\/wp\/v2\/users\/2"}],"replies":[{"embeddable":true,"href":"https:\/\/mariposalearning.com\/index.php?rest_route=%2Fwp%2Fv2%2Fcomments&post=1771"}],"version-history":[{"count":9,"href":"https:\/\/mariposalearning.com\/index.php?rest_route=\/wp\/v2\/pages\/1771\/revisions"}],"predecessor-version":[{"id":2540,"href":"https:\/\/mariposalearning.com\/index.php?rest_route=\/wp\/v2\/pages\/1771\/revisions\/2540"}],"wp:attachment":[{"href":"https:\/\/mariposalearning.com\/index.php?rest_route=%2Fwp%2Fv2%2Fmedia&parent=1771"}],"curies":[{"name":"wp","href":"https:\/\/api.w.org\/{rel}","templated":true}]}}